{"id":1868,"date":"2024-10-03T14:35:09","date_gmt":"2024-10-03T14:35:09","guid":{"rendered":"https:\/\/amcapanama.com\/?page_id=1868"},"modified":"2025-02-14T13:16:24","modified_gmt":"2025-02-14T13:16:24","slug":"venta-de-las-entradas","status":"publish","type":"page","link":"https:\/\/amcapanama.com\/en\/venta-de-las-entradas\/","title":{"rendered":"Sale of Tickets"},"content":{"rendered":"<style>.elementor-1868 .elementor-element.elementor-element-d07707e{--display:flex;--flex-direction:row;--container-widget-width:initial;--container-widget-height:100%;--container-widget-flex-grow:1;--container-widget-align-self:stretch;--flex-wrap-mobile:wrap;--padding-top:50px;--padding-bottom:75px;--padding-left:0px;--padding-right:0px;}.elementor-1868 .elementor-element.elementor-element-d07707e:not(.elementor-motion-effects-element-type-background), .elementor-1868 .elementor-element.elementor-element-d07707e > .elementor-motion-effects-container > .elementor-motion-effects-layer{background-color:#000000;}.elementor-1868 .elementor-element.elementor-element-9e33c54{--display:flex;--overlay-opacity:0.77;--border-radius:20px 20px 20px 20px;--padding-top:121px;--padding-bottom:100px;--padding-left:50px;--padding-right:50px;}.elementor-1868 .elementor-element.elementor-element-9e33c54:not(.elementor-motion-effects-element-type-background), .elementor-1868 .elementor-element.elementor-element-9e33c54 > .elementor-motion-effects-container > .elementor-motion-effects-layer{background-image:url(\"https:\/\/amcapanama.com\/wp-content\/uploads\/2025\/01\/29-e1738674228547.jpg\");background-position:center center;background-repeat:no-repeat;background-size:cover;}.elementor-1868 .elementor-element.elementor-element-9e33c54::before, .elementor-1868 .elementor-element.elementor-element-9e33c54 > .elementor-background-video-container::before, .elementor-1868 .elementor-element.elementor-element-9e33c54 > .e-con-inner > .elementor-background-video-container::before, .elementor-1868 .elementor-element.elementor-element-9e33c54 > .elementor-background-slideshow::before, .elementor-1868 .elementor-element.elementor-element-9e33c54 > .e-con-inner > .elementor-background-slideshow::before, .elementor-1868 .elementor-element.elementor-element-9e33c54 > .elementor-motion-effects-container > .elementor-motion-effects-layer::before{background-color:#171717;--background-overlay:'';}.elementor-1868 .elementor-element.elementor-element-3a74e4e{--display:flex;border-style:solid;--border-style:solid;border-width:0px 0px 1px 0px;--border-top-width:0px;--border-right-width:0px;--border-bottom-width:1px;--border-left-width:0px;border-color:#7A6C6C;--border-color:#7A6C6C;--padding-top:0px;--padding-bottom:25px;--padding-left:0px;--padding-right:0px;}.elementor-1868 .elementor-element.elementor-element-3a74e4e.e-con{--flex-grow:0;--flex-shrink:0;}.elementor-1868 .elementor-element.elementor-element-bcdeb23 > .elementor-widget-container{padding:0px 0px 0px 0px;}.elementor-1868 .elementor-element.elementor-element-bcdeb23 .elementor-heading-title{font-family:\"Playfair Display\", Sans-serif;font-size:3em;font-weight:600;text-transform:capitalize;line-height:1.2em;color:#FFFFFF;}.elementor-1868 .elementor-element.elementor-element-361267d:not(.elementor-motion-effects-element-type-background), .elementor-1868 .elementor-element.elementor-element-361267d > .elementor-motion-effects-container > .elementor-motion-effects-layer{background-color:#000000;}.elementor-1868 .elementor-element.elementor-element-361267d > .elementor-container{max-width:733px;}.elementor-1868 .elementor-element.elementor-element-361267d{transition:background 0.3s, border 0.3s, border-radius 0.3s, box-shadow 0.3s;margin-top:0px;margin-bottom:0px;padding:10px 30px 25px 30px;}.elementor-1868 .elementor-element.elementor-element-361267d > .elementor-background-overlay{transition:background 0.3s, border-radius 0.3s, opacity 0.3s;}.elementor-1868 .elementor-element.elementor-element-024aeaa > .elementor-widget-wrap > .elementor-widget:not(.elementor-widget__width-auto):not(.elementor-widget__width-initial):not(:last-child):not(.elementor-absolute){margin-bottom:0px;}.elementor-1868 .elementor-element.elementor-element-024aeaa > .elementor-element-populated{margin:0px 0px 0px 0px;--e-column-margin-right:0px;--e-column-margin-left:0px;padding:0px 0px 0px 0px;}.elementor-1868 .elementor-element.elementor-element-f86a039 > .elementor-widget-container{margin:0px 0px 0px 0px;padding:0px 0px 0px 0px;}.elementor-1868 .elementor-element.elementor-element-f86a039 .elementor-heading-title{color:var( --e-global-color-text );}.elementor-1868 .elementor-element.elementor-element-a2dc0ab > .elementor-container{max-width:892px;}.elementor-1868 .elementor-element.elementor-element-a2dc0ab{margin-top:15px;margin-bottom:0px;padding:0px 0px 0px 0px;}.elementor-1868 .elementor-element.elementor-element-ada5b9e > .elementor-widget-wrap > .elementor-widget:not(.elementor-widget__width-auto):not(.elementor-widget__width-initial):not(:last-child):not(.elementor-absolute){margin-bottom:0px;}.elementor-1868 .elementor-element.elementor-element-ada5b9e > .elementor-element-populated{margin:0px 15px 0px 0px;--e-column-margin-right:15px;--e-column-margin-left:0px;padding:0px 0px 0px 0px;}.elementor-1868 .elementor-element.elementor-element-70fe32f > .elementor-widget-container{padding:0px 0px 0px 0px;}.elementor-1868 .elementor-element.elementor-element-70fe32f{text-align:center;}.elementor-1868 .elementor-element.elementor-element-70fe32f .elementor-heading-title{font-family:\"Playfair Display\", Sans-serif;font-size:3em;font-weight:600;text-transform:capitalize;line-height:1.2em;color:#FFFFFF;}.elementor-1868 .elementor-element.elementor-element-ffcad04{margin-top:15px;margin-bottom:0px;padding:50px 0px 20px 0px;}.elementor-1868 .elementor-element.elementor-element-1c590b2 > .elementor-widget-wrap > .elementor-widget:not(.elementor-widget__width-auto):not(.elementor-widget__width-initial):not(:last-child):not(.elementor-absolute){margin-bottom:0px;}.elementor-1868 .elementor-element.elementor-element-1c590b2 > .elementor-element-populated{margin:0px 15px 0px 0px;--e-column-margin-right:15px;--e-column-margin-left:0px;padding:0px 0px 0px 0px;}.elementor-1868 .elementor-element.elementor-element-003e04a{text-align:center;color:#FFFFFF;}.elementor-1868 .elementor-element.elementor-element-ea122c6{--display:flex;--flex-direction:row;--container-widget-width:initial;--container-widget-height:100%;--container-widget-flex-grow:1;--container-widget-align-self:stretch;--flex-wrap-mobile:wrap;--padding-top:3px;--padding-bottom:75px;--padding-left:0px;--padding-right:0px;}.elementor-1868 .elementor-element.elementor-element-ea122c6:not(.elementor-motion-effects-element-type-background), .elementor-1868 .elementor-element.elementor-element-ea122c6 > .elementor-motion-effects-container > .elementor-motion-effects-layer{background-color:#000000;}.elementor-1868 .elementor-element.elementor-element-e5d63a3{--display:flex;--margin-top:0px;--margin-bottom:0px;--margin-left:0px;--margin-right:0px;--padding-top:0px;--padding-bottom:0px;--padding-left:0px;--padding-right:0px;}.elementor-1868 .elementor-element.elementor-element-acb3059{--display:flex;--flex-direction:row;--container-widget-width:initial;--container-widget-height:100%;--container-widget-flex-grow:1;--container-widget-align-self:stretch;--flex-wrap-mobile:wrap;--margin-top:50px;--margin-bottom:0px;--margin-left:0px;--margin-right:0px;--padding-top:0px;--padding-bottom:0px;--padding-left:0px;--padding-right:0px;}.elementor-1868 .elementor-element.elementor-element-ec5c6ed{--display:flex;--padding-top:0px;--padding-bottom:0px;--padding-left:0px;--padding-right:0px;}.elementor-1868 .elementor-element.elementor-element-38b8fef img{border-radius:20px 20px 20px 20px;}.elementor-1868 .elementor-element.elementor-element-a9df14f{--display:flex;--margin-top:0px;--margin-bottom:0px;--margin-left:27px;--margin-right:0px;--padding-top:0px;--padding-bottom:0px;--padding-left:0px;--padding-right:0px;}.elementor-1868 .elementor-element.elementor-element-50663f8{--display:flex;--padding-top:0px;--padding-bottom:0px;--padding-left:0px;--padding-right:0px;}.elementor-1868 .elementor-element.elementor-element-8234b74 img{border-radius:20px 20px 20px 20px;}.elementor-1868 .elementor-element.elementor-element-c334c92{--display:flex;--margin-top:40px;--margin-bottom:0px;--margin-left:0px;--margin-right:0px;--padding-top:0px;--padding-bottom:0px;--padding-left:0px;--padding-right:0px;}.elementor-1868 .elementor-element.elementor-element-f7b0936 .elementor-icon-list-items:not(.elementor-inline-items) .elementor-icon-list-item:not(:last-child){padding-block-end:calc(11px\/2);}.elementor-1868 .elementor-element.elementor-element-f7b0936 .elementor-icon-list-items:not(.elementor-inline-items) .elementor-icon-list-item:not(:first-child){margin-block-start:calc(11px\/2);}.elementor-1868 .elementor-element.elementor-element-f7b0936 .elementor-icon-list-items.elementor-inline-items .elementor-icon-list-item{margin-inline:calc(11px\/2);}.elementor-1868 .elementor-element.elementor-element-f7b0936 .elementor-icon-list-items.elementor-inline-items{margin-inline:calc(-11px\/2);}.elementor-1868 .elementor-element.elementor-element-f7b0936 .elementor-icon-list-items.elementor-inline-items .elementor-icon-list-item:after{inset-inline-end:calc(-11px\/2);}.elementor-1868 .elementor-element.elementor-element-f7b0936 .elementor-icon-list-icon i{color:#DFDFDF;transition:color 0.3s;}.elementor-1868 .elementor-element.elementor-element-f7b0936 .elementor-icon-list-icon svg{fill:#DFDFDF;transition:fill 0.3s;}.elementor-1868 .elementor-element.elementor-element-f7b0936{--e-icon-list-icon-size:21px;--icon-vertical-offset:0px;}.elementor-1868 .elementor-element.elementor-element-f7b0936 .elementor-icon-list-text{color:#DFDFDF;transition:color 0.3s;}@media(max-width:1024px){.elementor-1868 .elementor-element.elementor-element-d07707e{--padding-top:25px;--padding-bottom:50px;--padding-left:30px;--padding-right:30px;}.elementor-1868 .elementor-element.elementor-element-9e33c54{--padding-top:98px;--padding-bottom:50px;--padding-left:50px;--padding-right:50px;}.elementor-1868 .elementor-element.elementor-element-3a74e4e{--padding-top:0px;--padding-bottom:25px;--padding-left:0px;--padding-right:0px;}.elementor-1868 .elementor-element.elementor-element-bcdeb23 .elementor-heading-title{font-size:2.5em;}.elementor-1868 .elementor-element.elementor-element-361267d{margin-top:0px;margin-bottom:0px;padding:100px 30px 100px 30px;}.elementor-1868 .elementor-element.elementor-element-70fe32f .elementor-heading-title{font-size:2.5em;}.elementor-1868 .elementor-element.elementor-element-ea122c6{--padding-top:75px;--padding-bottom:75px;--padding-left:30px;--padding-right:30px;}.elementor-1868 .elementor-element.elementor-element-acb3059{--margin-top:30px;--margin-bottom:0px;--margin-left:0px;--margin-right:0px;}.elementor-1868 .elementor-element.elementor-element-a9df14f{--margin-top:0px;--margin-bottom:0px;--margin-left:7px;--margin-right:0px;}.elementor-1868 .elementor-element.elementor-element-c334c92{--margin-top:8px;--margin-bottom:0px;--margin-left:0px;--margin-right:0px;}}@media(max-width:767px){.elementor-1868 .elementor-element.elementor-element-d07707e{--padding-top:26px;--padding-bottom:50px;--padding-left:20px;--padding-right:20px;}.elementor-1868 .elementor-element.elementor-element-9e33c54{--justify-content:center;--align-items:center;--container-widget-width:calc( ( 1 - var( --container-widget-flex-grow ) ) * 100% );--padding-top:82px;--padding-bottom:50px;--padding-left:20px;--padding-right:20px;}.elementor-1868 .elementor-element.elementor-element-3a74e4e{--width:79%;--padding-top:0px;--padding-bottom:22px;--padding-left:0px;--padding-right:0px;}.elementor-1868 .elementor-element.elementor-element-bcdeb23{text-align:center;}.elementor-1868 .elementor-element.elementor-element-bcdeb23 .elementor-heading-title{font-size:2em;}.elementor-1868 .elementor-element.elementor-element-361267d{margin-top:0px;margin-bottom:0px;padding:60px 20px 60px 20px;}.elementor-1868 .elementor-element.elementor-element-70fe32f{text-align:center;}.elementor-1868 .elementor-element.elementor-element-70fe32f .elementor-heading-title{font-size:2em;}.elementor-1868 .elementor-element.elementor-element-003e04a{text-align:center;}.elementor-1868 .elementor-element.elementor-element-ea122c6{--padding-top:75px;--padding-bottom:75px;--padding-left:20px;--padding-right:20px;}.elementor-1868 .elementor-element.elementor-element-ec5c6ed{--margin-top:0px;--margin-bottom:15px;--margin-left:0px;--margin-right:0px;}.elementor-1868 .elementor-element.elementor-element-a9df14f{--margin-top:0px;--margin-bottom:0px;--margin-left:0px;--margin-right:0px;}.elementor-1868 .elementor-element.elementor-element-c334c92{--padding-top:0px;--padding-bottom:0px;--padding-left:20px;--padding-right:0px;}}@media(min-width:768px){.elementor-1868 .elementor-element.elementor-element-3a74e4e{--width:43.27%;}}@media(max-width:1024px) and (min-width:768px){.elementor-1868 .elementor-element.elementor-element-3a74e4e{--width:52%;}}<\/style>\t\t<div data-elementor-type=\"wp-page\" data-elementor-id=\"1868\" class=\"elementor elementor-1868\" data-elementor-post-type=\"page\">\n\t\t\t\t<div class=\"elementor-element elementor-element-d07707e e-flex e-con-boxed e-con e-parent\" data-id=\"d07707e\" data-element_type=\"container\" data-settings=\"{&quot;background_background&quot;:&quot;classic&quot;}\">\n\t\t\t\t\t<div class=\"e-con-inner\">\n\t\t<div class=\"elementor-element elementor-element-9e33c54 e-flex e-con-boxed e-con e-child\" data-id=\"9e33c54\" data-element_type=\"container\" data-settings=\"{&quot;background_background&quot;:&quot;classic&quot;}\">\n\t\t\t\t\t<div class=\"e-con-inner\">\n\t\t<div class=\"elementor-element elementor-element-3a74e4e e-con-full e-flex e-con e-child\" data-id=\"3a74e4e\" data-element_type=\"container\">\n\t\t\t\t<div class=\"elementor-element elementor-element-bcdeb23 elementor-invisible elementor-widget elementor-widget-heading\" data-id=\"bcdeb23\" data-element_type=\"widget\" data-settings=\"{&quot;_animation&quot;:&quot;fadeInUp&quot;}\" data-widget_type=\"heading.default\">\n\t\t\t\t<div class=\"elementor-widget-container\">\n\t\t\t\t\t<h2 class=\"elementor-heading-title elementor-size-default\">Sobre los tickets<\/h2>\t\t\t\t<\/div>\n\t\t\t\t<\/div>\n\t\t\t\t<\/div>\n\t\t\t\t\t<\/div>\n\t\t\t\t<\/div>\n\t\t\t\t\t<\/div>\n\t\t\t\t<\/div>\n\t\t\t\t<section class=\"elementor-section elementor-top-section elementor-element elementor-element-361267d elementor-section-boxed elementor-section-height-default elementor-section-height-default\" data-id=\"361267d\" data-element_type=\"section\" data-settings=\"{&quot;background_background&quot;:&quot;classic&quot;}\">\n\t\t\t\t\t\t<div class=\"elementor-container elementor-column-gap-default\">\n\t\t\t\t\t<div class=\"elementor-column elementor-col-100 elementor-top-column elementor-element elementor-element-024aeaa\" data-id=\"024aeaa\" data-element_type=\"column\">\n\t\t\t<div class=\"elementor-widget-wrap elementor-element-populated\">\n\t\t\t\t\t\t<div class=\"elementor-element elementor-element-f86a039 animated-fast elementor-invisible elementor-widget elementor-widget-heading\" data-id=\"f86a039\" data-element_type=\"widget\" data-settings=\"{&quot;_animation&quot;:&quot;fadeIn&quot;,&quot;_animation_delay&quot;:100}\" data-widget_type=\"heading.default\">\n\t\t\t\t<div class=\"elementor-widget-container\">\n\t\t\t\t\t<h6 class=\"elementor-heading-title elementor-size-default\">Our Exhibitions<\/h6>\t\t\t\t<\/div>\n\t\t\t\t<\/div>\n\t\t\t\t<section class=\"elementor-section elementor-inner-section elementor-element elementor-element-a2dc0ab elementor-section-boxed elementor-section-height-default elementor-section-height-default\" data-id=\"a2dc0ab\" data-element_type=\"section\">\n\t\t\t\t\t\t<div class=\"elementor-container elementor-column-gap-default\">\n\t\t\t\t\t<div class=\"elementor-column elementor-col-100 elementor-inner-column elementor-element elementor-element-ada5b9e\" data-id=\"ada5b9e\" data-element_type=\"column\">\n\t\t\t<div class=\"elementor-widget-wrap elementor-element-populated\">\n\t\t\t\t\t\t<div class=\"elementor-element elementor-element-70fe32f elementor-invisible elementor-widget elementor-widget-heading\" data-id=\"70fe32f\" data-element_type=\"widget\" data-settings=\"{&quot;_animation&quot;:&quot;fadeInUp&quot;}\" data-widget_type=\"heading.default\">\n\t\t\t\t<div class=\"elementor-widget-container\">\n\t\t\t\t\t<h2 class=\"elementor-heading-title elementor-size-default\">Adquiere tus entradas en el museo<\/h2>\t\t\t\t<\/div>\n\t\t\t\t<\/div>\n\t\t\t\t\t<\/div>\n\t\t<\/div>\n\t\t\t\t\t<\/div>\n\t\t<\/section>\n\t\t\t\t<section class=\"elementor-section elementor-inner-section elementor-element elementor-element-ffcad04 elementor-section-full_width elementor-section-height-default elementor-section-height-default\" data-id=\"ffcad04\" data-element_type=\"section\">\n\t\t\t\t\t\t<div class=\"elementor-container elementor-column-gap-default\">\n\t\t\t\t\t<div class=\"elementor-column elementor-col-100 elementor-inner-column elementor-element elementor-element-1c590b2\" data-id=\"1c590b2\" data-element_type=\"column\">\n\t\t\t<div class=\"elementor-widget-wrap elementor-element-populated\">\n\t\t\t\t\t\t<div class=\"elementor-element elementor-element-003e04a elementor-invisible elementor-widget elementor-widget-text-editor\" data-id=\"003e04a\" data-element_type=\"widget\" data-settings=\"{&quot;_animation&quot;:&quot;fadeInUp&quot;}\" data-widget_type=\"text-editor.default\">\n\t\t\t\t<div class=\"elementor-widget-container\">\n\t\t\t\t\t\t\t\t\t<p>En el Museo, tendremos nuestro personal esperando por ti para facilitarte las entradas. Encontrar\u00e1s obras de toda Latinoam\u00e9rica. Explora la esencia vibrante de Am\u00e9rica Latina a trav\u00e9s de obras que reflejan su historia, diversidad y tradiciones. Una experiencia \u00fanica que conecta pasado y presente en cada detalle art\u00edstico.<\/p>\t\t\t\t\t\t\t\t<\/div>\n\t\t\t\t<\/div>\n\t\t\t\t\t<\/div>\n\t\t<\/div>\n\t\t\t\t\t<\/div>\n\t\t<\/section>\n\t\t\t\t\t<\/div>\n\t\t<\/div>\n\t\t\t\t\t<\/div>\n\t\t<\/section>\n\t\t<div class=\"elementor-element elementor-element-ea122c6 e-flex e-con-boxed e-con e-parent\" data-id=\"ea122c6\" data-element_type=\"container\" data-settings=\"{&quot;background_background&quot;:&quot;classic&quot;}\">\n\t\t\t\t\t<div class=\"e-con-inner\">\n\t\t<div class=\"elementor-element elementor-element-e5d63a3 e-flex e-con-boxed e-con e-child\" data-id=\"e5d63a3\" data-element_type=\"container\">\n\t\t\t\t\t<div class=\"e-con-inner\">\n\t\t<div class=\"elementor-element elementor-element-acb3059 e-flex e-con-boxed e-con e-child\" data-id=\"acb3059\" data-element_type=\"container\">\n\t\t\t\t\t<div class=\"e-con-inner\">\n\t\t<div class=\"elementor-element elementor-element-ec5c6ed e-flex e-con-boxed e-con e-child\" data-id=\"ec5c6ed\" data-element_type=\"container\">\n\t\t\t\t\t<div class=\"e-con-inner\">\n\t\t\t\t<div class=\"elementor-element elementor-element-38b8fef elementor-invisible elementor-widget elementor-widget-image\" data-id=\"38b8fef\" data-element_type=\"widget\" data-settings=\"{&quot;_animation&quot;:&quot;fadeInUp&quot;}\" data-widget_type=\"image.default\">\n\t\t\t\t<div class=\"elementor-widget-container\">\n\t\t\t\t\t\t\t\t\t\t\t\t\t\t\t<img fetchpriority=\"high\" decoding=\"async\" width=\"800\" height=\"800\" src=\"https:\/\/amcapanama.com\/wp-content\/uploads\/2025\/01\/409C-firma-1024x1024.jpg\" class=\"attachment-large size-large wp-image-3807\" alt=\"\" srcset=\"https:\/\/amcapanama.com\/wp-content\/uploads\/2025\/01\/409C-firma-1024x1024.jpg 1024w, https:\/\/amcapanama.com\/wp-content\/uploads\/2025\/01\/409C-firma-300x300.jpg 300w, https:\/\/amcapanama.com\/wp-content\/uploads\/2025\/01\/409C-firma-150x150.jpg 150w, https:\/\/amcapanama.com\/wp-content\/uploads\/2025\/01\/409C-firma-768x768.jpg 768w, https:\/\/amcapanama.com\/wp-content\/uploads\/2025\/01\/409C-firma-1536x1536.jpg 1536w, https:\/\/amcapanama.com\/wp-content\/uploads\/2025\/01\/409C-firma-2048x2048.jpg 2048w, https:\/\/amcapanama.com\/wp-content\/uploads\/2025\/01\/409C-firma-12x12.jpg 12w\" sizes=\"(max-width: 800px) 100vw, 800px\" \/>\t\t\t\t\t\t\t\t\t\t\t\t\t\t\t<\/div>\n\t\t\t\t<\/div>\n\t\t\t\t\t<\/div>\n\t\t\t\t<\/div>\n\t\t<div class=\"elementor-element elementor-element-a9df14f e-flex e-con-boxed e-con e-child\" data-id=\"a9df14f\" data-element_type=\"container\">\n\t\t\t\t\t<div class=\"e-con-inner\">\n\t\t<div class=\"elementor-element elementor-element-50663f8 e-flex e-con-boxed e-con e-child\" data-id=\"50663f8\" data-element_type=\"container\">\n\t\t\t\t\t<div class=\"e-con-inner\">\n\t\t\t\t<div class=\"elementor-element elementor-element-8234b74 elementor-invisible elementor-widget elementor-widget-image\" data-id=\"8234b74\" data-element_type=\"widget\" data-settings=\"{&quot;_animation&quot;:&quot;fadeInUp&quot;}\" data-widget_type=\"image.default\">\n\t\t\t\t<div class=\"elementor-widget-container\">\n\t\t\t\t\t\t\t\t\t\t\t\t\t\t\t<img decoding=\"async\" width=\"1000\" height=\"700\" src=\"https:\/\/amcapanama.com\/wp-content\/uploads\/2025\/01\/Mesa-de-trabajo-2@72x-100-3.jpg\" class=\"attachment-full size-full wp-image-3847\" alt=\"\" srcset=\"https:\/\/amcapanama.com\/wp-content\/uploads\/2025\/01\/Mesa-de-trabajo-2@72x-100-3.jpg 1000w, https:\/\/amcapanama.com\/wp-content\/uploads\/2025\/01\/Mesa-de-trabajo-2@72x-100-3-300x210.jpg 300w, https:\/\/amcapanama.com\/wp-content\/uploads\/2025\/01\/Mesa-de-trabajo-2@72x-100-3-768x538.jpg 768w, https:\/\/amcapanama.com\/wp-content\/uploads\/2025\/01\/Mesa-de-trabajo-2@72x-100-3-18x12.jpg 18w\" sizes=\"(max-width: 1000px) 100vw, 1000px\" \/>\t\t\t\t\t\t\t\t\t\t\t\t\t\t\t<\/div>\n\t\t\t\t<\/div>\n\t\t\t\t\t<\/div>\n\t\t\t\t<\/div>\n\t\t<div class=\"elementor-element elementor-element-c334c92 e-flex e-con-boxed e-con e-child\" data-id=\"c334c92\" data-element_type=\"container\">\n\t\t\t\t\t<div class=\"e-con-inner\">\n\t\t\t\t<div class=\"elementor-element elementor-element-f7b0936 elementor-icon-list--layout-traditional elementor-list-item-link-full_width elementor-invisible elementor-widget elementor-widget-icon-list\" data-id=\"f7b0936\" data-element_type=\"widget\" data-settings=\"{&quot;_animation&quot;:&quot;fadeInUp&quot;}\" data-widget_type=\"icon-list.default\">\n\t\t\t\t<div class=\"elementor-widget-container\">\n\t\t\t\t\t\t\t<ul class=\"elementor-icon-list-items\">\n\t\t\t\t\t\t\t<li class=\"elementor-icon-list-item\">\n\t\t\t\t\t\t\t\t\t\t\t<span class=\"elementor-icon-list-icon\">\n\t\t\t\t\t\t\t<svg aria-hidden=\"true\" class=\"e-font-icon-svg e-fas-check-circle\" viewbox=\"0 0 512 512\" xmlns=\"http:\/\/www.w3.org\/2000\/svg\"><path d=\"M504 256c0 136.967-111.033 248-248 248S8 392.967 8 256 119.033 8 256 8s248 111.033 248 248zM227.314 387.314l184-184c6.248-6.248 6.248-16.379 0-22.627l-22.627-22.627c-6.248-6.249-16.379-6.249-22.628 0L216 308.118l-70.059-70.059c-6.248-6.248-16.379-6.248-22.628 0l-22.627 22.627c-6.248 6.248-6.248 16.379 0 22.627l104 104c6.249 6.249 16.379 6.249 22.628.001z\"><\/path><\/svg>\t\t\t\t\t\t<\/span>\n\t\t\t\t\t\t\t\t\t\t<span class=\"elementor-icon-list-text\">El arte como puente entre culturas y emociones<\/span>\n\t\t\t\t\t\t\t\t\t<\/li>\n\t\t\t\t\t\t\t\t<li class=\"elementor-icon-list-item\">\n\t\t\t\t\t\t\t\t\t\t\t<span class=\"elementor-icon-list-icon\">\n\t\t\t\t\t\t\t<svg aria-hidden=\"true\" class=\"e-font-icon-svg e-fas-check-circle\" viewbox=\"0 0 512 512\" xmlns=\"http:\/\/www.w3.org\/2000\/svg\"><path d=\"M504 256c0 136.967-111.033 248-248 248S8 392.967 8 256 119.033 8 256 8s248 111.033 248 248zM227.314 387.314l184-184c6.248-6.248 6.248-16.379 0-22.627l-22.627-22.627c-6.248-6.249-16.379-6.249-22.628 0L216 308.118l-70.059-70.059c-6.248-6.248-16.379-6.248-22.628 0l-22.627 22.627c-6.248 6.248-6.248 16.379 0 22.627l104 104c6.249 6.249 16.379 6.249 22.628.001z\"><\/path><\/svg>\t\t\t\t\t\t<\/span>\n\t\t\t\t\t\t\t\t\t\t<span class=\"elementor-icon-list-text\">Una experiencia \u00fanica que trasciende lo tradicional<\/span>\n\t\t\t\t\t\t\t\t\t<\/li>\n\t\t\t\t\t\t\t\t<li class=\"elementor-icon-list-item\">\n\t\t\t\t\t\t\t\t\t\t\t<span class=\"elementor-icon-list-icon\">\n\t\t\t\t\t\t\t<svg aria-hidden=\"true\" class=\"e-font-icon-svg e-fas-check-circle\" viewbox=\"0 0 512 512\" xmlns=\"http:\/\/www.w3.org\/2000\/svg\"><path d=\"M504 256c0 136.967-111.033 248-248 248S8 392.967 8 256 119.033 8 256 8s248 111.033 248 248zM227.314 387.314l184-184c6.248-6.248 6.248-16.379 0-22.627l-22.627-22.627c-6.248-6.249-16.379-6.249-22.628 0L216 308.118l-70.059-70.059c-6.248-6.248-16.379-6.248-22.628 0l-22.627 22.627c-6.248 6.248-6.248 16.379 0 22.627l104 104c6.249 6.249 16.379 6.249 22.628.001z\"><\/path><\/svg>\t\t\t\t\t\t<\/span>\n\t\t\t\t\t\t\t\t\t\t<span class=\"elementor-icon-list-text\">Innovaci\u00f3n y autenticidad en cada rinc\u00f3n del museo<\/span>\n\t\t\t\t\t\t\t\t\t<\/li>\n\t\t\t\t\t\t<\/ul>\n\t\t\t\t\t\t<\/div>\n\t\t\t\t<\/div>\n\t\t\t\t\t<\/div>\n\t\t\t\t<\/div>\n\t\t\t\t\t<\/div>\n\t\t\t\t<\/div>\n\t\t\t\t\t<\/div>\n\t\t\t\t<\/div>\n\t\t\t\t\t<\/div>\n\t\t\t\t<\/div>\n\t\t\t\t\t<\/div>\n\t\t\t\t<\/div>\n\t\t\t\t<\/div>","protected":false},"excerpt":{"rendered":"<p>Sobre los tickets Our Exhibitions Adquiere tus entradas en el museo En el Museo, tendremos nuestro personal esperando por ti para facilitarte las entradas. Encontrar\u00e1s obras de toda Latinoam\u00e9rica. Explora la esencia vibrante de Am\u00e9rica Latina a trav\u00e9s de obras que reflejan su historia, diversidad y tradiciones. Una experiencia \u00fanica que conecta pasado y presente [&hellip;]<\/p>","protected":false},"author":1,"featured_media":0,"parent":0,"menu_order":0,"comment_status":"closed","ping_status":"closed","template":"elementor_header_footer","meta":{"_seopress_robots_primary_cat":"","_seopress_titles_title":"","_seopress_titles_desc":"","_seopress_robots_index":"","_joinchat":[],"footnotes":""},"class_list":["post-1868","page","type-page","status-publish","hentry"],"_links":{"self":[{"href":"https:\/\/amcapanama.com\/en\/wp-json\/wp\/v2\/pages\/1868","targetHints":{"allow":["GET"]}}],"collection":[{"href":"https:\/\/amcapanama.com\/en\/wp-json\/wp\/v2\/pages"}],"about":[{"href":"https:\/\/amcapanama.com\/en\/wp-json\/wp\/v2\/types\/page"}],"author":[{"embeddable":true,"href":"https:\/\/amcapanama.com\/en\/wp-json\/wp\/v2\/users\/1"}],"replies":[{"embeddable":true,"href":"https:\/\/amcapanama.com\/en\/wp-json\/wp\/v2\/comments?post=1868"}],"version-history":[{"count":167,"href":"https:\/\/amcapanama.com\/en\/wp-json\/wp\/v2\/pages\/1868\/revisions"}],"predecessor-version":[{"id":4554,"href":"https:\/\/amcapanama.com\/en\/wp-json\/wp\/v2\/pages\/1868\/revisions\/4554"}],"wp:attachment":[{"href":"https:\/\/amcapanama.com\/en\/wp-json\/wp\/v2\/media?parent=1868"}],"curies":[{"name":"wp","href":"https:\/\/api.w.org\/{rel}","templated":true}]}}